{"id":26259,"date":"2023-05-09T15:30:03","date_gmt":"2023-05-09T14:30:03","guid":{"rendered":"http:\/\/llevantactualitat.cat\/llevant-actualitat-en-tu-email\/"},"modified":"2023-05-09T15:30:03","modified_gmt":"2023-05-09T14:30:03","slug":"llevant-actualitat-en-tu-email","status":"publish","type":"page","link":"https:\/\/llevantactualitat.cat\/es\/llevant-actualitat-en-tu-email\/","title":{"rendered":"Llevant Actualitat en tu email"},"content":{"rendered":"<p>[et_pb_section fb_built=&#8221;1&#8243; _builder_version=&#8221;4.0.2&#8243; custom_padding=&#8221;||0px||false|false&#8221;][et_pb_row _builder_version=&#8221;4.9.10&#8243; width=&#8221;95%&#8221; module_alignment=&#8221;right&#8221; custom_padding=&#8221;0px|0px|0px|0px|false|false&#8221; hover_enabled=&#8221;0&#8243; sticky_enabled=&#8221;0&#8243;][et_pb_column type=&#8221;4_4&#8243; _builder_version=&#8221;4.9.10&#8243; background_color=&#8221;RGBA(0,0,0,0)&#8221; custom_padding=&#8221;10px||10px|35px|false|false&#8221; hover_enabled=&#8221;0&#8243; sticky_enabled=&#8221;0&#8243;][et_pb_text _builder_version=&#8221;4.9.10&#8243; hover_enabled=&#8221;0&#8243; sticky_enabled=&#8221;0&#8243;]<\/p>\n<h1>Te enviamos la actualidad a tu buz\u00f3n<\/h1>\n<p>[\/et_pb_text][\/et_pb_column][\/et_pb_row][\/et_pb_section][et_pb_section fb_built=&#8221;1&#8243; _builder_version=&#8221;4.0.6&#8243;][et_pb_row _builder_version=&#8221;4.0.6&#8243;][et_pb_column type=&#8221;4_4&#8243; _builder_version=&#8221;4.0.6&#8243;][et_pb_text admin_label=&#8221;intro&#8221; _builder_version=&#8221;4.0.6&#8243;]<\/p>\n<p>Si quieres recibir las noticias de TDBactualitat a tu buz\u00f3n de correo electr\u00f3nico, inscr\u00edbete en este servicio gratuito.<\/p>\n<p>\u00danicamente tienes que poner tu correo electr\u00f3nico en el formulario y pulsar, <strong>comprobar subscripciones<\/strong>.<\/p>\n<p>Si quieres recibir <strong>todas las noticias<\/strong>, haga clic en el bot\u00f3n de subscripci\u00f3n que aparece al lado.<\/p>\n<p>Si solo quieres recibir algunas categor\u00edas, selecci\u00f3nalas y subscr\u00edbete.<\/p>\n<p><strong>Para darte de baja<\/strong>, hazlo con el bot\u00f3n de darse de baja de cada una de las categor\u00edas.<\/p>\n<p>[\/et_pb_text][et_pb_text admin_label=&#8221;Formulari&#8221; _builder_version=&#8221;4.9.10&#8243; hover_enabled=&#8221;0&#8243; background_color=&#8221;RGBA(0,0,0,0)&#8221; sticky_enabled=&#8221;0&#8243;]<\/p>\n<form action='#' method='post' id='dms3MCsubscribeGeneral' class='dms3MCsubscribeGeneral'><div class='fase1'>    <label for='email'>Email:<\/label>    <input class='widefat' id='email' name='email' type='text' value='' placeholder='Tu correo electr\u00f3nico'\/>    <input class='btn btn-primary et_pb_button mida-normal' type='submit' value='Compruebe las suscripciones' ><\/input>    <div class='spinner-outer'><div class='spinner fa fa-2x fa-pulse fa-spinner' style='display:none'><\/div><\/div><\/div><div class='fase2'><h3>Lista suscripciones<\/h3><table class='table table-striped table-bordered table-hover'><thead><th>Lista<\/th><th>Estado<\/th><th>Acciones<\/th><\/thead><tbody><tr id='dc9f60cbaf-01e6406671-e0f181d2cd''><td>Totes les not\u00edcies<\/td><td>&nbsp;<\/td><td>&nbsp;<\/td><\/tr><tr id='dc9f60cbaf-01e6406671-71903b9a73''><td>Actualitat de Torredembarra<\/td><td>&nbsp;<\/td><td>&nbsp;<\/td><\/tr><tr id='dc9f60cbaf-01e6406671-6366c2e0a1''><td>Actualitat del Baix Gai\u00e0<\/td><td>&nbsp;<\/td><td>&nbsp;<\/td><\/tr><tr id='dc9f60cbaf-01e6406671-c0a774eb03''><td>Opini\u00f3<\/td><td>&nbsp;<\/td><td>&nbsp;<\/td><\/tr><tr id='dc9f60cbaf-01e6406671-f95e272bce''><td>Editorial<\/td><td>&nbsp;<\/td><td>&nbsp;<\/td><\/tr><tr id='dc9f60cbaf-01e6406671-94748ca1df''><td>Ara fa 25 anys<\/td><td>&nbsp;<\/td><td>&nbsp;<\/td><\/tr><tr id='dc9f60cbaf-01e6406671-06e77cd605''><td>Esports<\/td><td>&nbsp;<\/td><td>&nbsp;<\/td><\/tr><tr id='dc9f60cbaf-01e6406671-afdd972ea2''><td>La cuina de l'Avi Maci\u00e0<\/td><td>&nbsp;<\/td><td>&nbsp;<\/td><\/tr><tr id='dc9f60cbaf-01e6406671-938d506e11''><td>La Novel\u00b7la<\/td><td>&nbsp;<\/td><td>&nbsp;<\/td><\/tr><tr id='dc9f60cbaf-01e6406671-7a2ba8e1b0''><td>Agenda<\/td><td>&nbsp;<\/td><td>&nbsp;<\/td><\/tr><tr id='dc9f60cbaf-01e6406671-48cb1ed57b''><td>Continguts especials<\/td><td>&nbsp;<\/td><td>&nbsp;<\/td><\/tr><\/tbody><\/table><\/div><\/form>\n<p>[\/et_pb_text][\/et_pb_column][\/et_pb_row][\/et_pb_section]<\/p>\n","protected":false},"excerpt":{"rendered":"<p>Te enviamos la actualidad a tu buz\u00f3nSi quieres recibir las noticias de TDBactualitat a tu buz\u00f3n de correo electr\u00f3nico, inscr\u00edbete en este servicio gratuito. \u00danicamente tienes que poner tu correo electr\u00f3nico en el formulario y pulsar, comprobar subscripciones. Si quieres recibir todas las noticias, haga clic en el bot\u00f3n de [&hellip;]<\/p>\n","protected":false},"author":3,"featured_media":0,"parent":0,"menu_order":0,"comment_status":"closed","ping_status":"closed","template":"","meta":{"_et_pb_use_builder":"on","_et_pb_old_content":"","_et_gb_content_width":"","inline_featured_image":false,"footnotes":""},"dipi_cpt_category":[],"class_list":["post-26259","page","type-page","status-publish","hentry"],"_links":{"self":[{"href":"https:\/\/llevantactualitat.cat\/es\/wp-json\/wp\/v2\/pages\/26259","targetHints":{"allow":["GET"]}}],"collection":[{"href":"https:\/\/llevantactualitat.cat\/es\/wp-json\/wp\/v2\/pages"}],"about":[{"href":"https:\/\/llevantactualitat.cat\/es\/wp-json\/wp\/v2\/types\/page"}],"author":[{"embeddable":true,"href":"https:\/\/llevantactualitat.cat\/es\/wp-json\/wp\/v2\/users\/3"}],"replies":[{"embeddable":true,"href":"https:\/\/llevantactualitat.cat\/es\/wp-json\/wp\/v2\/comments?post=26259"}],"version-history":[{"count":2,"href":"https:\/\/llevantactualitat.cat\/es\/wp-json\/wp\/v2\/pages\/26259\/revisions"}],"predecessor-version":[{"id":26261,"href":"https:\/\/llevantactualitat.cat\/es\/wp-json\/wp\/v2\/pages\/26259\/revisions\/26261"}],"wp:attachment":[{"href":"https:\/\/llevantactualitat.cat\/es\/wp-json\/wp\/v2\/media?parent=26259"}],"wp:term":[{"taxonomy":"dipi_cpt_category","embeddable":true,"href":"https:\/\/llevantactualitat.cat\/es\/wp-json\/wp\/v2\/dipi_cpt_category?post=26259"}],"curies":[{"name":"wp","href":"https:\/\/api.w.org\/{rel}","templated":true}]}}