{"id":26356,"date":"2023-05-27T14:55:43","date_gmt":"2023-05-27T13:55:43","guid":{"rendered":"http:\/\/llevantactualitat.cat\/accesibilidad\/"},"modified":"2023-05-27T14:59:29","modified_gmt":"2023-05-27T13:59:29","slug":"accesibilidad","status":"publish","type":"page","link":"https:\/\/llevantactualitat.cat\/es\/accesibilidad\/","title":{"rendered":"Accesibilidad"},"content":{"rendered":"<p>[et_pb_section fb_built=&#8221;1&#8243; _builder_version=&#8221;4.16&#8243; global_colors_info=&#8221;{}&#8221;][et_pb_row _builder_version=&#8221;4.16&#8243; background_size=&#8221;initial&#8221; background_position=&#8221;top_left&#8221; background_repeat=&#8221;repeat&#8221; global_colors_info=&#8221;{}&#8221;][et_pb_column type=&#8221;4_4&#8243; _builder_version=&#8221;4.16&#8243; custom_padding=&#8221;|||&#8221; global_colors_info=&#8221;{}&#8221; custom_padding__hover=&#8221;|||&#8221;][et_pb_text _builder_version=&#8221;4.21.0&#8243; background_size=&#8221;initial&#8221; background_position=&#8221;top_left&#8221; background_repeat=&#8221;repeat&#8221; hover_enabled=&#8221;0&#8243; global_colors_info=&#8221;{}&#8221; sticky_enabled=&#8221;0&#8243;]<\/p>\n<h1>Accesibilidad<\/h1>\n<p>Comunicacions Locals 2020 SL se compromete a hacer que su sitio web, LlevantActualitat.com, sea accesible para todos, incluyendo las personas con discapacidad. Estamos comprometidos a garantizar que nuestro sitio web cumpla con las pautas de accesibilidad web de nivel AA de la WCAG 2.1.<\/p>\n<h2>SITUACI\u00d3N DE CUMPLIMIENTO<\/h2>\n<p>Las <a href=\"https:\/\/www.w3.org\/WAI\/standards-guidelines\/wcag\/\" target=\"_blank\" rel=\"noopener\">Pautas d\u2019Accesibilidad para el Contenido Web (WCAG)<\/a> definen los requisitos para dise\u00f1adores y desarrolladores con el fin de mejorar la accesibilidad para personas con discapacidades. Se definen tres niveles de conformidad: Nivel A, Nivel AA y Nivel AAA. LlevantActualitat.com cumple parcialmente con WCAG 2.1 Nivel AA. Parcialmente, significa que algunas partes del contenido no cumplen completamente con el est\u00e1ndar de accesibilidad.<\/p>\n<h2>CONTENIDO NO ACCESIBLE<\/h2>\n<p>Podr\u00edan existir documentos ofim\u00e1ticos en PDF y otros formatos que no cumplan \u00edntegramente los requisitos de accesibilidad. Se pueden solicitar los documentos completamente accesibles desde el formulario de contacto.<\/p>\n<p>Podr\u00edan existir errores de c\u00f3digo puntuales de edici\u00f3n en alguna p\u00e1gina web.<\/p>\n<h2>FEEDBACK<\/h2>\n<p>Estamos comprometidos a continuar mejorando la accesibilidad de nuestro sitio web para garantizar que sea accesible para todos. Si tienes alguna pregunta o sugerencia, por favor contacta con nosotros.<\/p>\n<p><strong>Firma:<\/strong>Comunicacions Locals 2020 SL<br \/>\n<strong>Fecha:<\/strong> 27 de mayo de 2023<\/p>\n<p>[\/et_pb_text][\/et_pb_column][\/et_pb_row][\/et_pb_section]<\/p>\n","protected":false},"excerpt":{"rendered":"<p>Accesibilidad Comunicacions Locals 2020 SL se compromete a hacer que su sitio web, LlevantActualitat.com, sea accesible para todos, incluyendo las personas con discapacidad. Estamos comprometidos a garantizar que nuestro sitio web cumpla con las pautas de accesibilidad web de nivel AA de la WCAG 2.1. SITUACI\u00d3N DE CUMPLIMIENTO Las Pautas [&hellip;]<\/p>\n","protected":false},"author":1,"featured_media":0,"parent":0,"menu_order":0,"comment_status":"closed","ping_status":"closed","template":"","meta":{"_et_pb_use_builder":"on","_et_pb_old_content":"","_et_gb_content_width":"","inline_featured_image":false,"footnotes":""},"dipi_cpt_category":[],"class_list":["post-26356","page","type-page","status-publish","hentry"],"_links":{"self":[{"href":"https:\/\/llevantactualitat.cat\/es\/wp-json\/wp\/v2\/pages\/26356","targetHints":{"allow":["GET"]}}],"collection":[{"href":"https:\/\/llevantactualitat.cat\/es\/wp-json\/wp\/v2\/pages"}],"about":[{"href":"https:\/\/llevantactualitat.cat\/es\/wp-json\/wp\/v2\/types\/page"}],"author":[{"embeddable":true,"href":"https:\/\/llevantactualitat.cat\/es\/wp-json\/wp\/v2\/users\/1"}],"replies":[{"embeddable":true,"href":"https:\/\/llevantactualitat.cat\/es\/wp-json\/wp\/v2\/comments?post=26356"}],"version-history":[{"count":4,"href":"https:\/\/llevantactualitat.cat\/es\/wp-json\/wp\/v2\/pages\/26356\/revisions"}],"predecessor-version":[{"id":26362,"href":"https:\/\/llevantactualitat.cat\/es\/wp-json\/wp\/v2\/pages\/26356\/revisions\/26362"}],"wp:attachment":[{"href":"https:\/\/llevantactualitat.cat\/es\/wp-json\/wp\/v2\/media?parent=26356"}],"wp:term":[{"taxonomy":"dipi_cpt_category","embeddable":true,"href":"https:\/\/llevantactualitat.cat\/es\/wp-json\/wp\/v2\/dipi_cpt_category?post=26356"}],"curies":[{"name":"wp","href":"https:\/\/api.w.org\/{rel}","templated":true}]}}