{"id":26851,"date":"2025-07-22T10:00:33","date_gmt":"2025-07-22T09:00:33","guid":{"rendered":"https:\/\/llevantactualitat.cat\/aviso-legal\/"},"modified":"2025-07-22T10:00:35","modified_gmt":"2025-07-22T09:00:35","slug":"aviso-legal","status":"publish","type":"page","link":"https:\/\/llevantactualitat.cat\/es\/aviso-legal\/","title":{"rendered":"Aviso legal"},"content":{"rendered":"<p>[et_pb_section fb_built=&#8221;1&#8243; _builder_version=&#8221;4.21.2&#8243; _module_preset=&#8221;default&#8221; global_colors_info=&#8221;{}&#8221;][et_pb_row _builder_version=&#8221;4.21.2&#8243; _module_preset=&#8221;default&#8221; global_colors_info=&#8221;{}&#8221;][et_pb_column type=&#8221;4_4&#8243; _builder_version=&#8221;4.21.2&#8243; _module_preset=&#8221;default&#8221; global_colors_info=&#8221;{}&#8221;][et_pb_text _builder_version=&#8221;4.21.2&#8243; _module_preset=&#8221;default&#8221; hover_enabled=&#8221;0&#8243; global_colors_info=&#8221;{}&#8221; sticky_enabled=&#8221;0&#8243;]<\/p>\n<h1>Aviso legal<\/h1>\n<p>De conformidad con la exigencia del art\u00edculo 10 de la Ley 34\/2002, de 11 de julio, de Servicios de la Sociedad de la Informaci\u00f3n y de Comercio Electr\u00f3nico (LSSI-CE), se informa de los siguientes datos:<\/p>\n<h2>TITULAR DEL SITIO WEB<\/h2>\n<p><strong>Raz\u00f3n Social:<\/strong> COMUNICACIONS LOCALS 2020, SL<br \/><strong>CIF\/NIF:<\/strong> B55762710<br \/><strong>Denominaci\u00f3n comercial:<\/strong> TORREDEMBARRA ACTUALITAT<br \/><strong>Domicilio fiscal:<\/strong> AVENIDA LLU\u00cdS COMPANYS 45, 2\u00ba 2\u00aa, 43830 TORREDEMBARRA, TARRAGONA.<br \/><strong>Contacto:<\/strong> direccio@TDBactualitat.cat<br \/><strong>Registro Mercantil:<\/strong> TARRAGONA, Tomo: 3167, Hoja: 54924, Folio: 121, N\u00famero de inscripci\u00f3: 1<\/p>\n<p>La presente informaci\u00f3n regula las condiciones de uso, las limitaciones de responsabilidad y las obligaciones que los usuarios de la p\u00e1gina web que se publica bajo el nombre del dominio https:\/\/www.llevantactualitat.cat\/, las cuales los usuarios asumen y se comprometen a respetar.<\/p>\n<h2>COOKIES<\/h2>\n<p>https:\/\/www.llevantactualitat.cat\/ utiliza cookies para facilitar la navegaci\u00f3n por dicho portal y para obtener una mayor eficacia y personalizaci\u00f3n de los servicios ofrecidos a los usuarios. Las cookies empleadas en <a href=\"https:\/\/www.tdbactualitat.cat\/\" target=\"_blank\" rel=\"noopener\">https:\/\/www.llevantactualitat.cat\/<\/a> se asocian \u00fanicamente con un usuario an\u00f3nimo y su ordenador, no proporcionan referencias que permitan deducir el nombre y apellidos del usuario y no pueden leer datos de su disco duro ni incluir virus en sus equipos. Asimismo, <a href=\"https:\/\/www.llevantactualitat.cat\/\">https:\/\/www.llevantactualitat.cat\/<\/a> no puede leer las cookies implantadas en el disco duro del usuario desde otros servidores.  <\/p>\n<p>El usuario puede libremente decidir acerca de la implantaci\u00f3n o no en su disco duro de las cookies empleadas en<a href=\"https:\/\/www.llevantactualitat.cat\/\"> https:\/\/www.llevantactualitat.cat\/<\/a>. En este sentido, el usuario puede aceptar, rechazar o configurar su navegador para gestionar las cookies y decidir en ese momento su implantaci\u00f3n o no en su disco duro. Para ello le sugerimos consultar la secci\u00f3n de ayuda de su navegador para saber c\u00f3mo cambiar la configuraci\u00f3n que actualmente emplea. Aun cuando el usuario configurase su navegador para rechazar todas las cookies o rechazase expresamente las cookies de <a href=\"https:\/\/www.llevantactualitat.cat\/\">https:\/\/www.llevantactualitat.cat\/<\/a>, podr\u00e1 navegar por el portal con el \u00fanico inconveniente de no poder disfrutar de las funcionalidades del portal que requieran la instalaci\u00f3n de alguna de ellas. En cualquier caso, el usuario podr\u00e1 eliminar las cookies de <a href=\"https:\/\/www.llevantactualitat.cat\/\">https:\/\/www.llevantactualitat.cat\/<\/a> implantadas en su disco duro en cualquier momento, siguiendo el procedimiento establecido en la secci\u00f3n de ayuda de su navegador o entrando en el enlace de <strong>Pol\u00edtica<\/strong> <strong>de Cookies<\/strong> de este sitio web.    <\/p>\n<p>Para poder cobrar por rechazar las cookies en un sitio web, se necesita cumplir con varios requisitos establecidos por la Agencia Espa\u00f1ola de Protecci\u00f3n de Datos (AEPD).<\/p>\n<p><strong>Ofrecer una alternativa gratuita<\/strong><br \/>Seg\u00fan la AEPD, se puede denegar el acceso al servicio en caso de que el usuario rechace las cookies. Sin embargo, se debe informar adecuadamente al usuario y ofrecer una alternativa de acceso al servicio gratuita. <\/p>\n<p><strong>Ser genuinamente equivalente<\/strong><br \/>La alternativa de acceso debe ser &#8220;genuinamente equivalente&#8221;, es decir, debe proporcionar una experiencia de usuario comparable a la que se obtendr\u00eda si se aceptaran las cookies. No es v\u00e1lido que el servicio equivalente lo ofrezca una entidad ajena al editor. <\/p>\n<p><strong>Precio razonable y justo<\/strong><br \/>Si se decide cobrar por el acceso al servicio alternativo, el precio ha de ser razonable y justo. Esto significa que no debe ser excesivamente alto y debe reflejar el valor que proporciona el servicio. <\/p>\n<p><strong>Informar a los usuarios<\/strong><br \/>Es importante que las empresas informen adecuadamente a los usuarios sobre la posibilidad de tener que pagar si rechazan las cookies. Esto puede hacerse a trav\u00e9s de un aviso de cookies claro y f\u00e1cil de entender.<br \/>Estos requisitos est\u00e1n en l\u00ednea con las Directrices 05\/2020 sobre el consentimiento del CEPD. <\/p>\n<h2>POL\u00cdTICA DE ENLACES<\/h2>\n<p>En caso de que un usuario de Internet introduzca un enlace desde su propio sitio web al sitio web de LLEVANT ACTUALITAT, el enlace \u00fanicamente vincular\u00e1 con la p\u00e1gina principal de este \u00faltimo, pero no podr\u00e1 reproducirla de ninguna forma, y, en caso de que se visualicen los contenidos del sitio web con contenidos ajenos al mismo, estos contenidos ajenos no podr\u00e1n inducir a error, confusi\u00f3n o enga\u00f1o en los usuarios sobre la procedencia de sus contenidos, ni suponer un acto de comparaci\u00f3n o imitaci\u00f3n desleal o un aprovechamiento de la reputaci\u00f3n de LLEVANT ACTUALITAT.<\/p>\n<p>No se realizar\u00e1 desde la p\u00e1gina que introduce el enlace ning\u00fan tipo de manifestaci\u00f3n falsa o inexacta sobre LLEVANT ACTUALITAT, Empresas Asociadas, colaboradores o empleados, ni se indicar\u00e1 en dicha p\u00e1gina que tienen el consentimiento de LLEVANT ACTUALITAT para la inserci\u00f3n del enlace, o que LLEVANT ACTUALITAT tiene alguna relaci\u00f3n o colaboraci\u00f3n con dicha p\u00e1gina.<\/p>\n<p>Salvo en los casos permitidos por la ley o expresamente autorizados por LLEVANT ACTUALITAT, siempre que se permita un enlace directo con su sitio web, queda prohibida la utilizaci\u00f3n de cualquier marca o cualquier otro signo distintivo de LLEVANT ACTUALITAT dentro de la p\u00e1gina donde se encuentre el enlace, salvo que se autorice expresamente.<\/p>\n<p>La p\u00e1gina que establezca el enlace deber\u00e1 cumplir con la ley y no disponer o enlazar con contenidos il\u00edcitos o contrarios a la moral y a las buenas costumbres.<\/p>\n<p>Por su parte, el propio sitio web incluye dispositivos t\u00e9cnicos de enlace que permiten al usuario acceder a otras p\u00e1ginas y portales de Internet, actuando LLEVANT ACTUALITAT como prestador de servicios de intermediaci\u00f3n de conformidad con el art\u00edculo 17 de la Ley 34\/2002, de 11 de julio, de Servicios de la Sociedad de la Informaci\u00f3n y de Comercio Electr\u00f3nico, por lo que solo ser\u00e1 responsable de los contenidos y servicios suministrados en los sitios enlazados en caso de que, habiendo tenido conocimiento efectivo, en la forma prevista por la Ley de Servicios de la Sociedad de la Informaci\u00f3n, de la ilicitud, no haya desactivado el enlace.<\/p>\n<p>La existencia de sitios enlazados no supone que existan acuerdos con los responsables o titulares de los mismos, y LLEVANT ACTUALITAT no se hace responsable por los da\u00f1os producidos por la ilicitud, calidad, desactualizaci\u00f3n, indisponibilidad, error e inutilidad de los contenidos de dichos sitios, ya que los desconoce. TORREDEMBARRA ACTUALITAT no tiene el control sobre la naturaleza, contenido y disponibilidad de los sitios enlazados, y la inclusi\u00f3n de cualquier enlace no implica necesariamente una recomendaci\u00f3n o respaldo a las opiniones expresadas en ellos. En cualquier caso, si el usuario tuviera conocimiento de que los sitios enlazados remiten a p\u00e1ginas cuyos contenidos o servicios son il\u00edcitos o contrarios a la moral, deber\u00e1 ponerlo en conocimiento de LLEVANT ACTUALITAT.  <\/p>\n<p>A estos efectos se habilita la direcci\u00f3n de correo electr\u00f3nico direccio@TDBactualitat.cat, de esta forma, los usuarios deber\u00e1n comunicar: nombre, direcci\u00f3n, n\u00famero de tel\u00e9fono y direcci\u00f3n de correo electr\u00f3nico, especificaci\u00f3n de la supuesta actividad il\u00edcita llevada a cabo en el Portal y hechos o circunstancias que revelan el car\u00e1cter il\u00edcito de dicha actividad.<\/p>\n<p>LLEVANT ACTUALITAT se reserva el derecho a cambiar esta pol\u00edtica de enlaces en cualquier momento.<\/p>\n<h2>CONDICIONES DE USO<\/p>\n<\/h2>\n<p>La utilizaci\u00f3n de la p\u00e1gina implica la aceptaci\u00f3n de las condiciones del aviso legal, pol\u00edtica de privacidad y condiciones de uso. Si el usuario no estuviera conforme, se abstendr\u00e1 de utilizar la p\u00e1gina y la abandonar\u00e1. El usuario est\u00e1 obligado y se compromete a utilizar la p\u00e1gina y los contenidos de conformidad con la legislaci\u00f3n vigente, el Aviso Legal, y cualquier otro aviso contenido en esta p\u00e1gina, as\u00ed como con las normas de convivencia, la moral y buenas costumbres generalmente aceptadas.  <\/p>\n<p>El usuario se obliga y se compromete a no transmitir, difundir o poner a disposici\u00f3n de terceros cualquier contenido de la P\u00e1gina, tales como informaciones, textos, datos, contenidos, mensajes, gr\u00e1ficos, dibujos, archivos de sonido y\/o imagen, fotograf\u00edas, grabaciones, software, logotipos, marcas, iconos, tecnolog\u00eda, fotograf\u00edas, software, enlaces, dise\u00f1o gr\u00e1fico y c\u00f3digos fuente, o cualquier otro material al que tuviera acceso en su condici\u00f3n de Usuario de la P\u00e1gina, sin que esta enumeraci\u00f3n tenga car\u00e1cter limitativo.<\/p>\n<h2>PROPIEDAD INTELECTUAL E INDUSTRIAL<\/h2>\n<p>Todas las marcas, nombres comerciales o signos distintivos de cualquier clase que aparecen en la p\u00e1gina son propiedad de COMUNICACIONS LOCALS 2020, SL o, en su caso, de terceros que han autorizado su uso, sin que pueda entenderse que el uso o acceso al portal y\/o a los contenidos atribuya al usuario derecho alguno sobre las citadas marcas, nombres comerciales y\/o signos distintivos, y sin que puedan entenderse cedidos al usuario, ninguno de los derechos de explotaci\u00f3n que existen o puedan existir sobre dichos contenidos. Y no se entiende cedidos ni se autoriza su utilizaci\u00f3n, en ning\u00fan caso, a los usuarios de la p\u00e1gina, salvo que se obtengan dichos derechos por escrito del leg\u00edtimo titular de los mismos. <\/p>\n<h2>REDES SOCIALES OFICIALES<\/h2>\n<p>El prestador de servicios de las p\u00e1ginas oficiales de TORREDEMBARRA ACTUALITAT en las redes sociales Facebook, Twitter, Instagram, Otros es la entidad COMUNICACIONS LOCALS 2020, SL (en adelante TORREDEMBARRA ACTUALITAT) con C.I.F. B55762710 y domicilio social en AVENIDA LLU\u00cdS COMPANYS 45, 2\u00ba 2\u00aa, 43830 TORREDEMBARRA, TARRAGONA y mismo domicilio a efecto de notificaciones.<\/p>\n<p>El acceso y uso de estas p\u00e1ginas requiere de la aceptaci\u00f3n de las condiciones generales de uso de redes sociales y la pol\u00edtica de privacidad que m\u00e1s abajo se detalla y se completa con la pol\u00edtica y las normas de las plataformas de red social de Facebook, Twitter, Instagram, Otros.<\/p>\n<p>Para cualquier consulta o contacto con LLEVANT ACTUALITAT, los usuarios podr\u00e1n comunicarse a trav\u00e9s del n\u00famero de tel\u00e9fono 650960292 o de la siguiente direcci\u00f3n electr\u00f3nica: direccio@TDBactualitat.cat.<\/p>\n<p><strong>Condiciones de uso de la p\u00e1gina oficial de LLEVANT ACTUALITAT en Facebook, Twitter, <\/strong><strong>Instagram, Otros<\/strong><\/p>\n<p>Por favor, lea atentamente estas condiciones de uso, ya que contienen toda la informaci\u00f3n relativa a sus derechos y obligaciones como usuario de la p\u00e1gina oficial de TORREDEMBARRA ACTUALITAT en Facebook, Twitter, Instagram, Otros. El acceso y uso de la p\u00e1gina oficial de TORREDEMBARRA ACTUALITAT en Facebook, Twitter, Instagram, Otros est\u00e1 sujeto adem\u00e1s al cumplimiento de las condiciones establecidas por Facebook, Twitter, Instagram, Otros como titular de la plataforma del servicio de red social.<\/p>\n<p>Cuando el usuario accede o utiliza la p\u00e1gina oficial de TORREDEMBARRA ACTUALITAT en Facebook, Twitter, Instagram, Otros manifiesta su consentimiento y aceptaci\u00f3n del cumplimiento de lo establecido en las presentes condiciones de uso.<\/p>\n<p>El acceso y uso de la p\u00e1gina oficial de TORREDEMBARRA ACTUALITAT en Facebook, Twitter, Instagram, Otros est\u00e1 prohibido a los menores de 14 a\u00f1os.<\/p>\n<p><strong>Usos permitidos y usos prohibidos<\/strong><\/p>\n<p>A trav\u00e9s de la p\u00e1gina oficial de LLEVANT ACTUALITAT en Facebook, Twitter, Instagram, Otros se facilita un espacio en el que el usuario puede publicar e intercambiar informaci\u00f3n y contenidos, as\u00ed como establecer comunicaci\u00f3n entre varios usuarios.<\/p>\n<p>El uso por parte de terceros de la p\u00e1gina oficial de LLEVANT ACTUALITAT no puede tener una finalidad econ\u00f3mica o comercial en beneficio propio o de terceros sin el consentimiento previo del titular de la p\u00e1gina.<\/p>\n<p>El usuario est\u00e1 obligado a realizar un uso razonable de la p\u00e1gina oficial de LLEVANT ACTUALITAT de Facebook, Twitter, Instagram, Otros y de sus contenidos, seg\u00fan las posibilidades y fines para los que est\u00e1 concebida de acuerdo con los usos y costumbres, la moral, la legislaci\u00f3n vigente, las presentes normas y las normas y pol\u00edticas publicadas por Facebook, Twitter, Instagram, Otros. El usuario ser\u00e1 el \u00fanico responsable de la informaci\u00f3n, im\u00e1genes, opiniones, alusiones o contenidos de cualquier tipo que comunique, aloje, transmita, ponga a disposici\u00f3n o exhiba a trav\u00e9s de la p\u00e1gina oficial de LLEVANT ACTUALITAT en Facebook, Twitter, Instagram, Otros.<\/p>\n<h2>EXENCI\u00d3N DE RESPONSABILIDADES<\/h2>\n<p>COMUNICACIONS LOCALS 2020, SL incluye en su sitio web una serie de contenidos sobre sus actividades, productos, estructura, gesti\u00f3n y equipos propios de una web corporativa. COMUNICACIONS LOCALS 2020, SL excluye cualquier responsabilidad por los da\u00f1os y perjuicios de toda naturaleza que pudieran derivarse del acceso a los contenidos, informaciones, publicidad, opciones, conceptos e im\u00e1genes facilitados a los usuarios.<\/p>\n<ul>\n<li>En cualquier caso, COMUNICACIONS LOCALS 2020, SL no se hace responsable de:<\/li>\n<li>El mal uso que el usuario pueda hacer del sitio web.<\/li>\n<li>La continuidad de los contenidos del sitio web.<\/li>\n<li>La ausencia de virus y\/o dem\u00e1s componentes da\u00f1inos en el sitio web o en el servidor que los suministra, tanto en lo relativo a la visualizaci\u00f3n de los contenidos por los usuarios como en la descarga de los mismos.<\/li>\n<li>Los contenidos y servicios prestados por otros sitios web a los que pueda tener acceso desde las direcciones de Internet titularidad de COMUNICACIONS LOCALS 2020, SL.<\/li>\n<li>El mayor o menor rendimiento de los contenidos albergados en el sitio web.<\/li>\n<li>Los da\u00f1os o perjuicios que causare cualquier persona, bien a s\u00ed misma o a terceras, que infringiera las condiciones, normas e instrucciones que COMUNICACIONS LOCALS 2020, SL establece en este sitio web.<\/li>\n<li>Los da\u00f1os ocasionados por la vulneraci\u00f3n de los sistemas de seguridad del sitio web titularidad de COMUNICACIONS LOCALS 2020, SL.<\/li>\n<li>El mal funcionamiento de software o \u201cplugins\u201d (descarga que pudiere realizarse desde el enlace establecido al efecto), que pudiera ser necesario para la visualizaci\u00f3n o escucha de determinados contenidos albergados en el presente sitio web.<\/li>\n<li>Cualquier acci\u00f3n o actuaci\u00f3n que pudiere realizar en relaci\u00f3n con la vulneraci\u00f3n de derechos de terceros, especialmente, con relaci\u00f3n a la imagen, propiedad intelectual o industrial.<\/li>\n<li>De la edici\u00f3n, revisi\u00f3n, censura y verificaci\u00f3n de los contenidos de las p\u00e1ginas o sitios de Internet con los que el usuario se conecte a trav\u00e9s del motor de b\u00fasqueda o de hiperv\u00ednculos incluidos en el sitio web de COMUNICACIONS LOCALS 2020, SL.<\/li>\n<\/ul>\n<p><strong>Exenci\u00f3n de responsabilidad por el funcionamiento de la P\u00e1gina Web<\/strong><\/p>\n<p>COMUNICACIONS LOCALS 2020, SL presta sus servicios y contenidos de forma continuada empleando todos los medios t\u00e9cnicos a su alcance para realizar dicha prestaci\u00f3n de forma satisfactoria.<\/p>\n<p>COMUNICACIONS LOCALS 2020, SL se exime de cualquier responsabilidad por el funcionamiento o servicios del sitio web que puedan sufrir interrupciones o errores, falta de disponibilidad o continuidad del funcionamiento del sitio web.<\/p>\n<p>COMUNICACIONS LOCALS 2020, SL podr\u00e1, cuando lo considere conveniente, realizar correcciones, mejoras o modificaciones en la informaci\u00f3n contenida en su sitio web, sin que ello d\u00e9 lugar ni derecho a ninguna reclamaci\u00f3n o indemnizaci\u00f3n, ni implique reconocimiento de responsabilidad alguna.<\/p>\n<p>COMUNICACIONS LOCALS 2020, SL no se hace responsable por los da\u00f1os y perjuicios de toda naturaleza que puedan derivarse de la disponibilidad y continuidad t\u00e9cnica del funcionamiento de su sitio web. En cualquier caso, COMUNICACIONS LOCALS 2020, SL, llevar\u00e1 a cabo todas las actuaciones necesarias para restablecer sus servicios en caso de fallo t\u00e9cnico.<\/p>\n<p>COMUNICACIONS LOCALS 2020, SL se reserva el derecho de modificar cualquier tipo de informaci\u00f3n que pueda aparecer en el sitio web, sin que exista obligaci\u00f3n de preaviso o de poner en conocimiento de los usuarios estas obligaciones, entendi\u00e9ndose como suficiente con la publicaci\u00f3n en el sitio web del titular.<\/p>\n<h2>LEGISLACI\u00d3N Y JURISDICCI\u00d3N<\/h2>\n<p>COMUNICACIONS LOCALS 2020, SL se reserva la facultad de presentar las acciones civiles o penales que considere oportunas por la utilizaci\u00f3n indebida de su sitio web y contenidos, o por el incumplimiento de las presentes condiciones.<\/p>\n<p>En caso de existir discrepancia entre lo establecido en el presente Aviso Legal y las Condiciones Particulares de cada servicio espec\u00edfico, prevalecer\u00e1 lo dispuesto en estas \u00faltimas.<\/p>\n<p>En el caso de que cualquier disposici\u00f3n o disposiciones contenidas en el presente Aviso Legal fueran consideradas nulas o inaplicables, en su totalidad o en parte, por cualquier Juzgado, Tribunal u \u00f3rgano administrativo competente, dicha nulidad o inaplicaci\u00f3n no afectar\u00e1 al resto de disposiciones del presente Aviso Legal ni a las Condiciones Particulares de los diferentes servicios del presente sitio web.<\/p>\n<p>El no ejercicio o ejecuci\u00f3n, por parte de COMUNICACIONS LOCALS 2020, SL de cualquier derecho o disposici\u00f3n contenido en estas Condiciones Generales no constituir\u00e1 una renuncia al mismo, salvo reconocimiento y acuerdo escrito por su parte.<\/p>\n<p>La relaci\u00f3n entre el usuario y el prestador se regir\u00e1 por la normativa vigente y de aplicaci\u00f3n en el territorio espa\u00f1ol. De surgir cualquier controversia, las partes podr\u00e1n someter sus conflictos a arbitraje o acudir a la jurisdicci\u00f3n ordinaria cumpliendo con las normas sobre jurisdicci\u00f3n y competencia al respecto.<\/p>\n<p>COMUNICACIONS LOCALS 2020, SL tiene su domicilio en TORREDEMBARRA, Espa\u00f1a.<\/p>\n<p>De acuerdo con el Art. 14.1 del Reglamento (UE) 524\/2013, la Comisi\u00f3n Europea facilita una plataforma de resoluci\u00f3n de litigios en l\u00ednea en el siguiente enlace: <a href=\"https:\/\/ec.europa.eu\/consumers\/odr\/\" target=\"_blank\" rel=\"noopener\">https:\/\/ec.europa.eu\/consumers\/odr\/<\/a><\/p>\n<p>[\/et_pb_text][\/et_pb_column][\/et_pb_row][\/et_pb_section]<\/p>\n","protected":false},"excerpt":{"rendered":"<p>Aviso legal De conformidad con la exigencia del art\u00edculo 10 de la Ley 34\/2002, de 11 de julio, de Servicios de la Sociedad de la Informaci\u00f3n y de Comercio Electr\u00f3nico (LSSI-CE), se informa de los siguientes datos: TITULAR DEL SITIO WEB Raz\u00f3n Social: COMUNICACIONS LOCALS 2020, SLCIF\/NIF: B55762710Denominaci\u00f3n comercial: TORREDEMBARRA [&hellip;]<\/p>\n","protected":false},"author":1,"featured_media":0,"parent":0,"menu_order":0,"comment_status":"closed","ping_status":"closed","template":"","meta":{"_et_pb_use_builder":"on","_et_pb_old_content":"","_et_gb_content_width":"","inline_featured_image":false,"footnotes":""},"dipi_cpt_category":[],"class_list":["post-26851","page","type-page","status-publish","hentry"],"_links":{"self":[{"href":"https:\/\/llevantactualitat.cat\/es\/wp-json\/wp\/v2\/pages\/26851","targetHints":{"allow":["GET"]}}],"collection":[{"href":"https:\/\/llevantactualitat.cat\/es\/wp-json\/wp\/v2\/pages"}],"about":[{"href":"https:\/\/llevantactualitat.cat\/es\/wp-json\/wp\/v2\/types\/page"}],"author":[{"embeddable":true,"href":"https:\/\/llevantactualitat.cat\/es\/wp-json\/wp\/v2\/users\/1"}],"replies":[{"embeddable":true,"href":"https:\/\/llevantactualitat.cat\/es\/wp-json\/wp\/v2\/comments?post=26851"}],"version-history":[{"count":5,"href":"https:\/\/llevantactualitat.cat\/es\/wp-json\/wp\/v2\/pages\/26851\/revisions"}],"predecessor-version":[{"id":26856,"href":"https:\/\/llevantactualitat.cat\/es\/wp-json\/wp\/v2\/pages\/26851\/revisions\/26856"}],"wp:attachment":[{"href":"https:\/\/llevantactualitat.cat\/es\/wp-json\/wp\/v2\/media?parent=26851"}],"wp:term":[{"taxonomy":"dipi_cpt_category","embeddable":true,"href":"https:\/\/llevantactualitat.cat\/es\/wp-json\/wp\/v2\/dipi_cpt_category?post=26851"}],"curies":[{"name":"wp","href":"https:\/\/api.w.org\/{rel}","templated":true}]}}