{"id":26857,"date":"2025-07-22T10:18:03","date_gmt":"2025-07-22T09:18:03","guid":{"rendered":"https:\/\/llevantactualitat.cat\/politica-de-cookies\/"},"modified":"2025-07-22T10:18:04","modified_gmt":"2025-07-22T09:18:04","slug":"politica-de-cookies","status":"publish","type":"page","link":"https:\/\/llevantactualitat.cat\/es\/politica-de-cookies\/","title":{"rendered":"Pol\u00edtica de cookies"},"content":{"rendered":"<p>[et_pb_section fb_built=&#8221;1&#8243; _builder_version=&#8221;4.16&#8243; global_colors_info=&#8221;{}&#8221;][et_pb_row _builder_version=&#8221;4.16&#8243; background_size=&#8221;initial&#8221; background_position=&#8221;top_left&#8221; background_repeat=&#8221;repeat&#8221; global_colors_info=&#8221;{}&#8221;][et_pb_column type=&#8221;4_4&#8243; _builder_version=&#8221;4.16&#8243; custom_padding=&#8221;|||&#8221; global_colors_info=&#8221;{}&#8221; custom_padding__hover=&#8221;|||&#8221;][et_pb_text _builder_version=&#8221;4.21.2&#8243; _module_preset=&#8221;default&#8221; hover_enabled=&#8221;0&#8243; global_colors_info=&#8221;{}&#8221; sticky_enabled=&#8221;0&#8243;]<\/p>\n<h1>Pol\u00edtica de cookies<\/h1>\n<h2>CONFIGURACI\u00d3N DE COOKIES<\/h2>\n<p>Al aceptar las cookies de nuestro &#8220;aviso de cookies&#8221; que aparecen en la primera capa, estar\u00e1 consintiendo el uso de las Cookies en las condiciones contenidas en la presente Pol\u00edtica de Cookies. LLEVANT ACTUALITAT proporciona acceso a esta Pol\u00edtica de Cookies en el momento del registro con el objetivo de que el usuario est\u00e9 informado, y sin perjuicio de que este pueda ejercer su derecho a bloquear, eliminar y rechazar el uso de Cookies en todo momento. Las cookies que utiliza el sitio web solo se asocian con usuarios an\u00f3nimos y su ordenador, sin que puedan suministrar, por s\u00ed mismas, datos personales de aquellos. Las cookies no recogen informaci\u00f3n personal que permita la identificaci\u00f3n de un usuario concreto.  <\/p>\n<p>Las cookies que utiliza este sitio web son siempre temporales y, en ning\u00fan caso, tendr\u00e1n una vigencia superior a lo establecido por la Ley.<\/p>\n<p>Dado que algunas de las Cookies no son necesarias para el uso de este Sitio Web, se pueden bloquear o deshabilitar activando la configuraci\u00f3n del navegador, que permite rechazar la instalaci\u00f3n de todas las cookies o de algunas de ellas. La pr\u00e1ctica mayor\u00eda de los navegadores permiten advertir de la presencia de Cookies o rechazarlas autom\u00e1ticamente. Si se rechazan, se podr\u00e1 seguir utilizando el Sitio Web, aunque el uso de algunos de sus servicios podr\u00e1 ser limitado y por lo tanto la experiencia ser\u00e1 menos satisfactoria.  <\/p>\n<p>A continuaci\u00f3n, se indican los enlaces de los principales navegadores y dispositivos para que se pueda disponer de toda la informaci\u00f3n para consultar c\u00f3mo gestionar las cookies en cada navegador:<\/p>\n<p><strong>Internet Explorer\u2122:<\/strong><a href=\"https:\/\/support.microsoft.com\/es-es\/windows\/administrar-cookies-en-microsoft-edge-ver-permitir-bloquear-eliminar-y-usar-168dab11-0753-043d-7c16-ede5947fc64d\" target=\"_blank\" rel=\"noopener\"> https:\/\/support.microsoft.com\/es-es\/topic\/eliminar-y-administrar-cookies-168dab11-0753-043d-7c16-ede5947fc64d<\/a><br \/><strong>Microsoft Edge\u2122:<\/strong> <a href=\"https:\/\/support.microsoft.com\/es-es\/windows\/microsoft-edge-datos-de-exploraci%C3%B3n-y-privacidadbb8174ba-9d73-dcf2-9b4a-c582b4e640dd\" target=\"_blank\" rel=\"noopener\">https:\/\/support.microsoft.com\/es-es\/windows\/microsoft-edge-datos-de-exploraci%C3%B3n-y-privacidadbb8174ba-9d73-dcf2-9b4a-c582b4e640dd<\/a><br \/><strong>Safari\u2122:<\/strong> <a href=\"https:\/\/support.apple.com\/kb\/ph17191?locale=es_ES\" target=\"_blank\" rel=\"noopener\">https:\/\/support.apple.com\/kb\/ph17191?locale=es_ES<\/a><br \/><strong>Safari\u2122 para IOS (iPhone, iPad o iPod touch):<\/strong> <a href=\"https:\/\/support.apple.com\/es-es\/HT201265\" target=\"_blank\" rel=\"noopener\">https:\/\/support.apple.com\/es-es\/HT201265<\/a><br \/><strong>Chrome\u2122:<\/strong><a href=\"https:\/\/support.google.com\/chrome\/answer\/95647?hl=es&amp;hlrm=en\" target=\"_blank\" rel=\"noopener\"> https:\/\/support.google.com\/chrome\/answer\/95647?hl=es&amp;hlrm=en<\/a><br \/><strong>Firefox\u2122:<\/strong> <a href=\"http:\/\/support.mozilla.org\/es\/kb\/cookies-informacion-que-los-sitios-web-guardan-en-?redirectlocale=enUS&amp;redirectslug=Cookies\" target=\"_blank\" rel=\"noopener\">http:\/\/support.mozilla.org\/es\/kb\/cookies-informacion-que-los-sitios-web-guardan-en-?redirectlocale=enUS&amp;redirectslug=Cookies<\/a><br \/><strong>Opera\u2122 :<\/strong> <a href=\"https:\/\/www.opera.com\/help\/tutorials\/security\/privacy\/\" target=\"_blank\" rel=\"noopener\">https:\/\/www.opera.com\/help\/tutorials\/security\/privacy\/<\/a><br \/><strong>Android:<\/strong> <a href=\"http:\/\/support.google.com\/android\/?hl=es\" target=\"_blank\" rel=\"noopener\">http:\/\/support.google.com\/android\/?hl=es<\/a><br \/><strong>Windows Phone:<\/strong> <a href=\"http:\/\/www.windowsphone.com\/es-ES\/how-to\/wp7\/web\/changing-privacy-and-other-browser-settings\" target=\"_blank\" rel=\"noopener\">http:\/\/www.windowsphone.com\/es-ES\/how-to\/wp7\/web\/changing-privacy-and-other-browser-settings<\/a><\/p>\n<p>Para informaci\u00f3n adicional sobre c\u00f3mo configurar las Cookies detallada por proveedor o administrar las preferencias, se puede visitar el portal &#8220;Your Online Choices&#8221;.<\/p>\n<p><a href=\"https:\/\/www.youronlinechoices.com\/es\/preferencias\/\" target=\"_blank\" rel=\"noopener\">https:\/\/www.youronlinechoices.com\/es\/preferencias\/<\/a><\/p>\n<h2>DESCRIPCI\u00d3N Y FINALIDAD<\/h2>\n<p>Las Cookies son archivos de datos creados por el sitio web y almacenados previa aceptaci\u00f3n del usuario en el navegador o en su dispositivo durante el recorrido por las p\u00e1ginas o por la aplicaci\u00f3n, y sirven para almacenar informaci\u00f3n sobre la visita. Como la mayor\u00eda de los sitios en Internet, los portales web deben: <\/p>\n<ul>\n<li>Asegurar que las p\u00e1ginas web pueden funcionar correctamente.<\/li>\n<li>Almacenar las preferencias, como el idioma seleccionado o el tama\u00f1o de letra.<\/li>\n<li>Mejorar la experiencia de navegaci\u00f3n del usuario.<\/li>\n<li>Recopilar informaci\u00f3n estad\u00edstica an\u00f3nima, como las p\u00e1ginas que se han visitado o el tiempo que ha durado la conexi\u00f3n.<\/li>\n<\/ul>\n<p>El uso de Cookies nos permite optimizar la navegaci\u00f3n, adaptando la informaci\u00f3n y los servicios ofrecidos a los intereses del usuario, para proporcionar una mejor experiencia siempre que visite la p\u00e1gina.<br \/>Las Cookies se asocian \u00fanicamente a un usuario an\u00f3nimo y su ordenador\/dispositivo y no proporcionan referencias que permitan conocer datos personales. En todo momento, el usuario podr\u00e1 acceder a la configuraci\u00f3n de su navegador para modificar y\/o bloquear la instalaci\u00f3n de las Cookies enviadas por los sitios web de https:\/\/www.llevantactualitat.cat\/. Los usuarios que completen el proceso de registro o hayan iniciado sesi\u00f3n con sus datos de acceso podr\u00e1n acceder a servicios personalizados y adaptados a sus preferencias seg\u00fan la informaci\u00f3n personal suministrada en el momento del registro y la almacenada en la Cookie de su navegador. <\/p>\n<p><strong>Google Analytics<\/strong> almacena cookies para poder elaborar estad\u00edsticas sobre el tr\u00e1fico y volumen de visitas de esta web. Al utilizar este sitio web est\u00e1 consintiendo el tratamiento de informaci\u00f3n acerca de usted por Google. Por tanto, el ejercicio de cualquier derecho en este sentido deber\u00e1 hacerlo comunicando directamente con Google. Las cookies de Google Analytics se almacenan en servidores ubicados en Estados Unidos y se compromete a no compartirla con terceros, excepto en los casos en los cuales sea necesario para el funcionamiento del sistema o cuando la ley obligue a tal efecto. Seg\u00fan Google, no guarda su direcci\u00f3n IP.<br \/>Google Inc. es una compa\u00f1\u00eda adherida a \u201cPrivacy Shield\u201d (escudo de privacidad) que garantiza que todos los datos transferidos ser\u00e1n tratados con un nivel de protecci\u00f3n acorde a la normativa europea. Puede consultar la informaci\u00f3n detallada de esta normativa a trav\u00e9s del siguiente enlace:      <\/p>\n<p><a href=\"https:\/\/support.google.com\/analytics\/answer\/6004245\" target=\"_blank\" rel=\"noopener\">https:\/\/support.google.com\/analytics\/answer\/6004245<\/a><\/p>\n<p>Si lo desea puede utilizar el Complemento de inhabilitaci\u00f3n para navegadores de Google Analytics a trav\u00e9s de cuyas instrucciones pueden rechazarse las cookies anal\u00edticas de dicho servicio en todos los navegadores. Puede consultar m\u00e1s informaci\u00f3n al respecto en el siguiente enlace: <\/p>\n<p><a href=\"https:\/\/tools.google.com\/dlpage\/gaoptout\" target=\"_blank\" rel=\"noopener\">https:\/\/tools.google.com\/dlpage\/gaoptout<\/a><\/p>\n<p><strong>UTILIDAD<\/strong><\/p>\n<ul>\n<li>Desde un punto de vista t\u00e9cnico, permite que los sitios web funcionen de forma m\u00e1s \u00e1gil y adaptada a las preferencias de los usuarios, como por ejemplo almacenar el idioma, la moneda del pa\u00eds o detectar el dispositivo de acceso.<\/li>\n<li>Establecen niveles de protecci\u00f3n y seguridad que impiden o dificultan ciberataques contra el sitio web o sus usuarios.\n<\/li>\n<li>Permiten que los gestores de los medios puedan conocer los datos estad\u00edsticos recopilados en las Cookies para mejorar la calidad y experiencia de sus servicios.<\/li>\n<li>Sirven para optimizar la publicidad que se muestra a los usuarios, ofreciendo la que m\u00e1s se ajusta a sus intereses.<\/li>\n<\/ul>\n<p>[\/et_pb_text][et_pb_text _builder_version=&#8221;4.21.2&#8243; _module_preset=&#8221;default&#8221; hover_enabled=&#8221;0&#8243; global_colors_info=&#8221;{}&#8221; sticky_enabled=&#8221;0&#8243;]<\/p>\n<h2>TIPOS DE COOKIES<\/h2>\n<table border=\"1\" cellspacing=\"0\" cellpadding=\"8\">\n<tbody>\n<tr>\n<td rowspan=\"2\"><strong>S\u00c9GUN LA ENTIDAD QUE LAS GESTIONE<\/strong><\/td>\n<td><strong>Cookies propias<\/strong><\/td>\n<td>Son aquellas que se recaban por el propio editor para prestar el servicio solicitado por el usuario.<\/td>\n<\/tr>\n<tr>\n<td><strong>Cookies de tercero<\/strong><\/td>\n<td>Son aquellas que son recogidas y gestionadas por un tercero; estas no se pueden considerar propias.<\/td>\n<\/tr>\n<tr>\n<td rowspan=\"2\"><strong>SEG\u00daN EL PLAZO DE TIEMPO QUE PERMANEZCAN ACTIVADAS<\/strong><\/td>\n<td><strong>Cookies de sesi\u00f3n<\/strong><\/td>\n<td>Recopilan datos mientras el usuario navega por la red con la finalidad de prestar el servicio solicitado.<\/td>\n<\/tr>\n<tr>\n<td><strong>Cookies persistentes<\/strong><\/td>\n<td>Se almacenan en el terminal y la informaci\u00f3n obtenida ser\u00e1 utilizada por el responsable de la cookie con la finalidad de prestar el servicio solicitado.<\/td>\n<\/tr>\n<tr>\n<td rowspan=\"5\"><strong>SEG\u00daN SU FINALIDAD<\/strong><\/td>\n<td><strong>Cookies t\u00e9cnicas<\/strong><\/td>\n<td>Son las necesarias para la correcta navegaci\u00f3n por la web. <\/td>\n<\/tr>\n<tr>\n<td><strong>Cookies de personalizaci\u00f3n<\/strong><\/td>\n<td>Permiten al usuario las caracter\u00edsticas (idioma) para la navegaci\u00f3n por la p\u00e1gina web.<\/td>\n<\/tr>\n<tr>\n<td><strong>Cookies de an\u00e1lisis<\/strong><\/td>\n<td>Permiten al prestador el an\u00e1lisis vinculado a la navegaci\u00f3n realizada por el usuario, con la finalidad de llevar un seguimiento de uso de la p\u00e1gina web, as\u00ed como realizar estad\u00edsticas de los contenidos m\u00e1s visitados, n\u00famero de visitantes, etc.<\/td>\n<\/tr>\n<tr>\n<td><strong>Cookies publicitarias<\/strong><\/td>\n<td>Permiten al editor incluir en la web espacios publicitarios, seg\u00fan el contenido de la propia web.<\/td>\n<\/tr>\n<tr>\n<td><strong>Cookies de publicidad comportamental<\/strong><\/td>\n<td>Permiten al editor incluir en la p\u00e1gina web espacios publicitarios seg\u00fan la informaci\u00f3n obtenida a trav\u00e9s de los h\u00e1bitos de navegaci\u00f3n del usuario.<\/td>\n<\/tr>\n<\/tbody>\n<\/table>\n<p>[\/et_pb_text][\/et_pb_column][\/et_pb_row][\/et_pb_section]<\/p>\n","protected":false},"excerpt":{"rendered":"<p>Pol\u00edtica de cookies CONFIGURACI\u00d3N DE COOKIES Al aceptar las cookies de nuestro &#8220;aviso de cookies&#8221; que aparecen en la primera capa, estar\u00e1 consintiendo el uso de las Cookies en las condiciones contenidas en la presente Pol\u00edtica de Cookies. LLEVANT ACTUALITAT proporciona acceso a esta Pol\u00edtica de Cookies en el momento [&hellip;]<\/p>\n","protected":false},"author":1,"featured_media":0,"parent":0,"menu_order":0,"comment_status":"closed","ping_status":"closed","template":"","meta":{"_et_pb_use_builder":"on","_et_pb_old_content":"","_et_gb_content_width":"","inline_featured_image":false,"footnotes":""},"dipi_cpt_category":[],"class_list":["post-26857","page","type-page","status-publish","hentry"],"_links":{"self":[{"href":"https:\/\/llevantactualitat.cat\/es\/wp-json\/wp\/v2\/pages\/26857","targetHints":{"allow":["GET"]}}],"collection":[{"href":"https:\/\/llevantactualitat.cat\/es\/wp-json\/wp\/v2\/pages"}],"about":[{"href":"https:\/\/llevantactualitat.cat\/es\/wp-json\/wp\/v2\/types\/page"}],"author":[{"embeddable":true,"href":"https:\/\/llevantactualitat.cat\/es\/wp-json\/wp\/v2\/users\/1"}],"replies":[{"embeddable":true,"href":"https:\/\/llevantactualitat.cat\/es\/wp-json\/wp\/v2\/comments?post=26857"}],"version-history":[{"count":2,"href":"https:\/\/llevantactualitat.cat\/es\/wp-json\/wp\/v2\/pages\/26857\/revisions"}],"predecessor-version":[{"id":26859,"href":"https:\/\/llevantactualitat.cat\/es\/wp-json\/wp\/v2\/pages\/26857\/revisions\/26859"}],"wp:attachment":[{"href":"https:\/\/llevantactualitat.cat\/es\/wp-json\/wp\/v2\/media?parent=26857"}],"wp:term":[{"taxonomy":"dipi_cpt_category","embeddable":true,"href":"https:\/\/llevantactualitat.cat\/es\/wp-json\/wp\/v2\/dipi_cpt_category?post=26857"}],"curies":[{"name":"wp","href":"https:\/\/api.w.org\/{rel}","templated":true}]}}